{"id":176,"date":"2023-07-01T18:22:41","date_gmt":"2023-07-01T18:22:41","guid":{"rendered":"http:\/\/ibernar.com\/tr\/?page_id=176"},"modified":"2023-07-02T18:39:14","modified_gmt":"2023-07-02T18:39:14","slug":"gizlilik-politikasi","status":"publish","type":"page","link":"http:\/\/ibernar.com\/tr\/gizlilik-politikasi\/","title":{"rendered":"Gizlilik Politikas\u0131"},"content":{"rendered":"\t\t<div data-elementor-type=\"wp-page\" data-elementor-id=\"176\" class=\"elementor elementor-176\" data-elementor-post-type=\"page\">\n\t\t\t\t\t\t<section class=\"elementor-section elementor-top-section elementor-element elementor-element-2ac9f07 elementor-section-boxed elementor-section-height-default elementor-section-height-default\" data-id=\"2ac9f07\" data-element_type=\"section\" data-e-type=\"section\">\n\t\t\t\t\t\t<div class=\"elementor-container elementor-column-gap-default\">\n\t\t\t\t\t<div class=\"elementor-column elementor-col-100 elementor-top-column elementor-element elementor-element-d2730c9\" data-id=\"d2730c9\" data-element_type=\"column\" data-e-type=\"column\">\n\t\t\t<div class=\"elementor-widget-wrap elementor-element-populated\">\n\t\t\t\t\t\t<div class=\"elementor-element elementor-element-963777e elementor-widget elementor-widget-text-editor\" data-id=\"963777e\" data-element_type=\"widget\" data-e-type=\"widget\" data-widget_type=\"text-editor.default\">\n\t\t\t\t\t\t\t\t\t<p>Ki\u015fisel verileriniz:<br \/>Ibernar Plastico S.L. taraf\u0131ndan sizinle ilgili olarak toplanan ki\u015fisel veriler, bunun maksad\u0131 ve bu itibarla sizin haklar\u0131n\u0131z konusunda sizi bilgilendirmek istiyoruz. L\u00fctfen a\u015fa\u011f\u0131dakiler aras\u0131ndan sizinle ilgili olan Gizlilik Bildirim(ler)ini se\u00e7iniz.<br \/>Bu Gizlilik Bildirimlerine yerel\/ek bildirimler ilave edilebilir. <br \/>Ki\u015fisel verilerinizin i\u015fleme konulmas\u0131yla ilgili olarak herhangi bir sorunuz veya kayg\u0131n\u0131z olursa l\u00fctfen bizimle ileti\u015fime ge\u00e7mekte teredd\u00fct etmeyiniz &#8211; a\u015fa\u011f\u0131daki ilgili Gizlilik Bildiriminde Ibernar Plastico S.L. internet sitesinde irtibat bilgileri verilmi\u015ftir.<\/p><p>\u00a0<\/p>\t\t\t\t\t\t\t\t<\/div>\n\t\t\t\t\t<\/div>\n\t\t<\/div>\n\t\t\t\t\t<\/div>\n\t\t<\/section>\n\t\t\t\t<section class=\"elementor-section elementor-top-section elementor-element elementor-element-afc0440 elementor-section-boxed elementor-section-height-default elementor-section-height-default\" data-id=\"afc0440\" data-element_type=\"section\" data-e-type=\"section\">\n\t\t\t\t\t\t<div class=\"elementor-container elementor-column-gap-default\">\n\t\t\t\t\t<div class=\"elementor-column elementor-col-16 elementor-top-column elementor-element elementor-element-0700c32\" data-id=\"0700c32\" data-element_type=\"column\" data-e-type=\"column\">\n\t\t\t<div class=\"elementor-widget-wrap elementor-element-populated\">\n\t\t\t\t\t\t<div class=\"elementor-element elementor-element-20b63e0 elementor-widget elementor-widget-button\" data-id=\"20b63e0\" data-element_type=\"widget\" data-e-type=\"widget\" data-widget_type=\"button.default\">\n\t\t\t\t\t\t\t\t\t\t<a class=\"elementor-button elementor-button-link elementor-size-sm\" href=\"http:\/\/ibernar.com\/tr\/wp-content\/uploads\/2023\/07\/data-owner-application-formu-Ibernar-Plastico-S.L.docx\">\n\t\t\t\t\t\t<span class=\"elementor-button-content-wrapper\">\n\t\t\t\t\t\t\t\t\t<span class=\"elementor-button-text\">Ki\u015fisel Veri Ba\u015fvuru Formu<\/span>\n\t\t\t\t\t<\/span>\n\t\t\t\t\t<\/a>\n\t\t\t\t\t\t\t\t<\/div>\n\t\t\t\t\t<\/div>\n\t\t<\/div>\n\t\t\t\t<div class=\"elementor-column elementor-col-66 elementor-top-column elementor-element elementor-element-f3757b9\" data-id=\"f3757b9\" data-element_type=\"column\" data-e-type=\"column\">\n\t\t\t<div class=\"elementor-widget-wrap\">\n\t\t\t\t\t\t\t<\/div>\n\t\t<\/div>\n\t\t\t\t<div class=\"elementor-column elementor-col-16 elementor-top-column elementor-element elementor-element-d0e9a94\" data-id=\"d0e9a94\" data-element_type=\"column\" data-e-type=\"column\">\n\t\t\t<div class=\"elementor-widget-wrap\">\n\t\t\t\t\t\t\t<\/div>\n\t\t<\/div>\n\t\t\t\t\t<\/div>\n\t\t<\/section>\n\t\t\t\t<\/div>\n\t\t","protected":false},"excerpt":{"rendered":"<p>Ki\u015fisel verileriniz:Ibernar Plastico S.L. taraf\u0131ndan sizinle ilgili olarak toplanan ki\u015fisel veriler, bunun maksad\u0131 ve bu itibarla sizin haklar\u0131n\u0131z konusunda sizi bilgilendirmek istiyoruz. L\u00fctfen a\u015fa\u011f\u0131dakiler aras\u0131ndan sizinle ilgili olan Gizlilik Bildirim(ler)ini se\u00e7iniz.Bu Gizlilik Bildirimlerine yerel\/ek bildirimler ilave edilebilir. Ki\u015fisel verilerinizin i\u015fleme konulmas\u0131yla ilgili olarak herhangi bir&hellip;<\/p>\n","protected":false},"author":1,"featured_media":0,"parent":0,"menu_order":0,"comment_status":"closed","ping_status":"closed","template":"","meta":{"_coblocks_attr":"","_coblocks_dimensions":"","_coblocks_responsive_height":"","_coblocks_accordion_ie_support":"","iawp_total_views":0,"footnotes":""},"class_list":["post-176","page","type-page","status-publish","hentry"],"_links":{"self":[{"href":"http:\/\/ibernar.com\/tr\/wp-json\/wp\/v2\/pages\/176","targetHints":{"allow":["GET"]}}],"collection":[{"href":"http:\/\/ibernar.com\/tr\/wp-json\/wp\/v2\/pages"}],"about":[{"href":"http:\/\/ibernar.com\/tr\/wp-json\/wp\/v2\/types\/page"}],"author":[{"embeddable":true,"href":"http:\/\/ibernar.com\/tr\/wp-json\/wp\/v2\/users\/1"}],"replies":[{"embeddable":true,"href":"http:\/\/ibernar.com\/tr\/wp-json\/wp\/v2\/comments?post=176"}],"version-history":[{"count":0,"href":"http:\/\/ibernar.com\/tr\/wp-json\/wp\/v2\/pages\/176\/revisions"}],"wp:attachment":[{"href":"http:\/\/ibernar.com\/tr\/wp-json\/wp\/v2\/media?parent=176"}],"curies":[{"name":"wp","href":"https:\/\/api.w.org\/{rel}","templated":true}]}}