{"id":180,"date":"2023-07-01T18:31:14","date_gmt":"2023-07-01T18:31:14","guid":{"rendered":"http:\/\/ibernar.com\/tr\/?page_id=180"},"modified":"2023-07-02T18:29:12","modified_gmt":"2023-07-02T18:29:12","slug":"cerez-politikamiz","status":"publish","type":"page","link":"http:\/\/ibernar.com\/tr\/cerez-politikamiz\/","title":{"rendered":"\u00c7erez Politikam\u0131z"},"content":{"rendered":"\t\t<div data-elementor-type=\"wp-page\" data-elementor-id=\"180\" class=\"elementor elementor-180\" data-elementor-post-type=\"page\">\n\t\t\t\t\t\t<section class=\"elementor-section elementor-top-section elementor-element elementor-element-dae991a elementor-section-boxed elementor-section-height-default elementor-section-height-default\" data-id=\"dae991a\" data-element_type=\"section\" data-e-type=\"section\">\n\t\t\t\t\t\t<div class=\"elementor-container elementor-column-gap-default\">\n\t\t\t\t\t<div class=\"elementor-column elementor-col-100 elementor-top-column elementor-element elementor-element-7def170\" data-id=\"7def170\" data-element_type=\"column\" data-e-type=\"column\">\n\t\t\t<div class=\"elementor-widget-wrap elementor-element-populated\">\n\t\t\t\t\t\t<div class=\"elementor-element elementor-element-5de0e59 elementor-widget__width-initial elementor-widget elementor-widget-text-editor\" data-id=\"5de0e59\" data-element_type=\"widget\" data-e-type=\"widget\" data-widget_type=\"text-editor.default\">\n\t\t\t\t\t\t\t\t\t<p>\u00c7EREZ POL\u0130T\u0130KASI:<br \/>Bu politikada, elektronik ileti\u015fim gizlili\u011fi hakk\u0131nda AB Direktifi kapsam\u0131na giren \u00e7erezlere ve di\u011fer benzeri teknolojilere at\u0131fta bulunmak i\u00e7in \u201c\u00e7erez\u201d terimini kullan\u0131yoruz.<br \/>\u00c7EREZ NED\u0130R?<br \/>\u00c7erez, bir web sitesinin taray\u0131c\u0131n\u0131zdan, bilgisayar\u0131n\u0131zda veya mobil cihaz\u0131n\u0131zda saklamas\u0131n\u0131 istedi\u011fi k\u00fc\u00e7\u00fck bir veri par\u00e7as\u0131d\u0131r. \u00c7erez, web sitesinin eylemlerinizi veya tercihlerinizi zaman i\u00e7erisinde \u201chat\u0131rlamas\u0131na\u201d imk\u00e2n verir.<br \/>\u00c7o\u011fu web taray\u0131c\u0131s\u0131 \u00e7erezleri destekler; ancak, kullan\u0131c\u0131lar taray\u0131c\u0131lar\u0131n\u0131 belirli t\u00fcrlerde \u00e7erezleri veya \u00f6zel \u00e7erezleri reddedecek \u015fekilde ayarlayabilirler. Bunun yan\u0131 s\u0131ra kullan\u0131c\u0131lar diledikleri zaman \u00e7erezleri silebilirler.<br \/>NEDEN \u00c7EREZ KULLANIYORUZ?<br \/>\u0130\u00e7eri\u011fimizle etkile\u015fim bi\u00e7iminizi daha iyi tan\u0131mak ve web sitemizi\/sitelerimizi ziyaret deneyiminizi iyile\u015ftirmek i\u00e7in \u00e7erezleri kullan\u0131yoruz. \u00d6rne\u011fin baz\u0131 \u00e7erezler dilinizi veya tercihlerinizi hat\u0131rlar; b\u00f6ylece web sitelerimizden birini ziyaret etti\u011finizde bu tercihleri yeniden yapmak zorunda kalmazs\u0131n\u0131z. Ayr\u0131ca ofis konumlar\u0131n\u0131 bildirebilmek amac\u0131yla co\u011frafi konum takibine yard\u0131mc\u0131 olmas\u0131 i\u00e7in de \u00e7erez kullan\u0131yoruz. Buna ek olarak \u00e7erezler, size web site(leri)mizdeki videolar gibi \u00f6zel i\u00e7eri\u011fi sunabilmemize de imk\u00e2n veriyor. \u00dcr\u00fcnlerimizi ve hizmetlerimizi \u201cyeniden pazarlama\u201d \u00e7abas\u0131yla size \u00fc\u00e7\u00fcnc\u00fc taraf web sitesinde\/sitelerinde hedefe y\u00f6nelik reklamlarla hizmet sunmak \u00fczere web sitemizdeki\/sitelerimizdeki davran\u0131\u015flar\u0131n\u0131zdan \u00f6\u011frendiklerimizi kullanabiliriz.<br \/>Ne t\u00fcr \u00e7erezler kullan\u0131yoruz?<br \/>BIRINCI TARAF VE \u00dc\u00c7\u00dcNC\u00dc TARAF \u00c7EREZLER\u0130:<br \/>Web sitemizde hem birinci taraf hem de \u00fc\u00e7\u00fcnc\u00fc taraf \u00e7erezlerini kullan\u0131yoruz.<br \/>Birinci taraf \u00e7erezleri, genel olarak dil ve konum tercihlerini belirlemek veya temel site i\u015flevselli\u011fini sa\u011flamak \u00fczere kullan\u0131lan,\u00a0ibernar.com\u00a0alan\u0131ndan d\u00fczenlenen \u00e7erezlerdir.<br \/>\u00dc\u00e7\u00fcnc\u00fc taraf \u00e7erezleri, Ibernar Plastico S.L. i\u015f ortaklar\u0131 ve servis sa\u011flay\u0131c\u0131lar\u0131 gibi ba\u015fka taraflara aittir ve bu taraflarca y\u00f6netilir. Bu \u00e7erezlere, i\u015f ba\u015fvurusu g\u00f6ndermek veya Ibernar Plastico S.L. web sitesi d\u0131\u015f\u0131nda baz\u0131 reklamlara izin vermek gibi ama\u00e7larla birtak\u0131m formlar iletmek i\u00e7in gerek duyulabilir.<br \/>OTURUM \u00c7EREZLER\u0130:<br \/>Oturum \u00e7erezleri, web sitesi ziyaretiniz s\u00fcresince sizi hat\u0131rlamak i\u00e7in kullan\u0131lan ge\u00e7ici \u00e7erezlerdir ve web taray\u0131c\u0131n\u0131z\u0131 kapatt\u0131\u011f\u0131n\u0131zda s\u00fcreleri biter.<br \/>KALICI \u00c7EREZLER:<br \/>Kal\u0131c\u0131 \u00e7erezler web sitesindeki tercihlerinizi hat\u0131rlamak i\u00e7in kullan\u0131l\u0131r ve taray\u0131c\u0131n\u0131z\u0131 kapatt\u0131ktan veya bilgisayar\u0131n\u0131z\u0131 yeniden ba\u015flatt\u0131ktan sonra dahi masa\u00fcst\u00fc veya mobil cihaz\u0131n\u0131zda kal\u0131r. Ziyaret\u00e7i \u015fablonlar\u0131 olu\u015fturmak amac\u0131yla kullan\u0131c\u0131 davran\u0131\u015f\u0131n\u0131 analiz etmek ve b\u00f6ylece size ve web site(leri)mizi ziyaret eden ba\u015fkalar\u0131na y\u00f6nelik web sitesi i\u015flevlerimizi iyile\u015ftirebilmek i\u00e7in bu \u00e7erezleri kullan\u0131yoruz. Bu \u00e7erezler, hedefe y\u00f6nelik reklamlarla size hizmet verebilmemize ve site i\u015flevlerinin ve reklamlar\u0131n etkinli\u011fini \u00f6l\u00e7memize imk\u00e2n tan\u0131yor.<br \/>\u00c7EREZLER REKLAM AMA\u00c7LARIYLA NASIL KULLANILIR?<br \/>\u00c7erezlerin yan\u0131 s\u0131ra web i\u015faretleri, pikseller ve isimsiz reklam a\u011f\u0131 etiketleri gibi reklam teknolojileri sizi ilgilendirebilecek reklamlar\u0131 size daha etkin bi\u00e7imde sunmam\u0131za yard\u0131mc\u0131 oluyor. Bunlar ayn\u0131 zamanda reklam verenler i\u00e7in toplu denetim verilerini, ara\u015ft\u0131rmalar\u0131 ve performans raporlar\u0131n\u0131 toplamam\u0131za da yard\u0131mc\u0131 oluyor. Pikseller, reklamlar\u0131n size sunumunu anlamam\u0131za, geli\u015ftirmemize ve birtak\u0131m reklamlar\u0131n size ne zaman g\u00f6sterildi\u011fini bilmemize yard\u0131mc\u0131 oluyor. Web taray\u0131c\u0131n\u0131z do\u011frudan reklam a\u011f\u0131 sunucular\u0131ndan reklam ve web i\u015faretleri talep edebilece\u011finden bu a\u011flar, siz onlar\u0131n sitesinden bir web sayfas\u0131 talep etmi\u015fsiniz gibi kendi \u00e7erezlerini g\u00f6r\u00fcnt\u00fcleyebilir, d\u00fczenleyebilir veya ayarlayabilir.<br \/>Her ne kadar \u00fc\u00e7\u00fcnc\u00fc taraf sitelerindeki taray\u0131c\u0131 davran\u0131\u015f\u0131n\u0131z hakk\u0131nda profil olu\u015fturmak i\u00e7in \u00e7erez kullanmasak da size uygun ve ilgilerinize y\u00f6nelik reklamlar g\u00f6stermek i\u00e7in \u00fc\u00e7\u00fcnc\u00fc taraflardan al\u0131nm\u0131\u015f toplu verileri kullan\u0131yoruz. Toplad\u0131\u011f\u0131m\u0131z hi\u00e7bir ki\u015fisel bilgiyi reklam verenlere aktarm\u0131yoruz. \u00c7erez ayarlar\u0131n\u0131z\u0131 de\u011fi\u015ftirmek suretiyle site d\u0131\u015f\u0131 ve \u00fc\u00e7\u00fcnc\u00fc taraf bilgilendirmeli reklamlardan \u00e7\u0131k\u0131\u015f tercihinde bulunabilirsiniz. \u00c7\u0131k\u0131\u015f tercihinde bulunmak, ziyaret etti\u011finiz sayfalardan reklamlar\u0131 kald\u0131rmayacak fakat bunun yerine g\u00f6rd\u00fc\u011f\u00fcn\u00fcz reklamlar\u0131n sizin ilgi alanlar\u0131n\u0131zla \u00f6rt\u00fc\u015fmemesiyle sonu\u00e7lanacakt\u0131r. Bu da g\u00f6rd\u00fc\u011f\u00fcn\u00fcz reklam(lar)\u0131n bu \u00f6zel \u00e7erezler yoluyla ilgi alanlar\u0131n\u0131zla \u00f6rt\u00fc\u015ft\u00fcr\u00fclememesi anlam\u0131na gelir.<br \/>\u00dc\u00c7\u00dcNC\u00dc TARAF \u00c7EREZLER\u0130 NASIL KULLANILIR?<br \/>Web sitelerimizdeki i\u015flevlerden baz\u0131lar\u0131 i\u00e7in, \u00f6rne\u011fin YouTube uzant\u0131l\u0131 videolar\u0131n veya buraya y\u00f6nlendiren ba\u011flant\u0131lar\u0131n bulundu\u011fu bir sayfay\u0131 ziyaret etti\u011finiz durumlarda \u00fc\u00e7\u00fcnc\u00fc taraf tedarik\u00e7iler kullan\u0131yoruz. Bu videolar veya ba\u011flant\u0131lar (ve \u00fc\u00e7\u00fcnc\u00fc taraf tedarik\u00e7ilerden gelen her t\u00fcrl\u00fc di\u011fer i\u00e7erik) \u00fc\u00e7\u00fcnc\u00fc taraf \u00e7erezleri i\u00e7erebilir, dolay\u0131s\u0131yla \u00e7erez kullan\u0131mlar\u0131 hakk\u0131nda bilgi edinmek i\u00e7in bu \u00fc\u00e7\u00fcnc\u00fc taraf sa\u011flay\u0131c\u0131lar\u0131n gizlilik politikalar\u0131na ba\u015fvurman\u0131z\u0131 \u00f6neririz.<br \/>\u00c7EREZLER\u0130 NASIL REDDEDEB\u0130L\u0130R VE S\u0130LEB\u0130L\u0130R\u0130M?<br \/>Web site(leri)mizdeki \u00e7erez tercihlerine t\u0131klayarak Ibernar Plastico S.L. web sitesindeki ziyaretinize ba\u011fl\u0131 olarak ayarlanan t\u00fcm veya belirli \u00e7erez tiplerini reddetmeyi veya engellemeyi se\u00e7ebilirsiniz. Taray\u0131c\u0131 ayarlar\u0131n\u0131z\u0131 de\u011fi\u015ftirmek suretiyle Ibernar Plastico S.L. sitesine ve\/veya \u00fc\u00e7\u00fcnc\u00fc taraf tedarik\u00e7ilerin web sitelerine dair tercihlerinizi de\u011fi\u015ftirebilirsiniz. L\u00fctfen \u00e7o\u011fu taray\u0131c\u0131n\u0131n \u00e7erezleri otomatik olarak kabul etti\u011fini dikkate al\u0131n. Dolay\u0131s\u0131yla \u00e7erezlerin kullan\u0131lmas\u0131n\u0131 istemiyorsan\u0131z \u00e7erezleri aktif olarak silmeniz veya engellemeniz gerekebilir. \u00c7erezlerin kullan\u0131m\u0131n\u0131 reddetmeniz halinde web sitelerimizi kullanmaya devam edebilirsiniz fakat i\u015flevlerden baz\u0131lar\u0131 do\u011fru \u00e7al\u0131\u015fmayabilir. Ayr\u0131ca \u00e7erezlerin nas\u0131l silinece\u011fi veya reddedilece\u011fi konusunda ve genel olarak \u00e7erezler hakk\u0131nda bilgi i\u00e7in\u00a0www.allaboutcookies.org\u00a0sayfas\u0131n\u0131 ziyaret edebilirsiniz. \u00c7erezlerden baz\u0131lar\u0131n\u0131 veya hepsini silmeksizin veya reddetmeksizin web sitemizi kullanmakla silmedi\u011finiz veya reddetmedi\u011finiz bu \u00e7erezleri cihaz\u0131n\u0131za yerle\u015ftirebilece\u011fimizi kabul etmektesiniz.<br \/>Adobe Analytics http:\/\/www.adobe.com\/tr\/privacy\/opt-out.html <br \/>Google Adwords https:\/\/support.google.com\/ads\/answer\/2662922?hl=tr <br \/>Google Analytics https:\/\/tools.google.com\/dlpage\/gaoptout <br \/>Google Chrome https:\/\/support.google.com\/chrome\/answer\/95647?hl=tr <br \/>Internet Explorer https:\/\/support.microsoft.com\/tr-tr\/help\/17442\/windows-internet-explorer-delete-manage-cookies <br \/>MozillaFirefox https:\/\/support.mozilla.org\/tr\/kb\/\u00c7erez%20Y\u00f6netimi <br \/>Opera http:\/\/www.opera.com\/help\/tutorials\/security\/privacy\/ <br \/>Safari: https:\/\/support.apple.com\/kb\/ph19214?locale=tr_TR <\/p>\t\t\t\t\t\t\t\t<\/div>\n\t\t\t\t\t<\/div>\n\t\t<\/div>\n\t\t\t\t\t<\/div>\n\t\t<\/section>\n\t\t\t\t<\/div>\n\t\t","protected":false},"excerpt":{"rendered":"<p>\u00c7EREZ POL\u0130T\u0130KASI:Bu politikada, elektronik ileti\u015fim gizlili\u011fi hakk\u0131nda AB Direktifi kapsam\u0131na giren \u00e7erezlere ve di\u011fer benzeri teknolojilere at\u0131fta bulunmak i\u00e7in \u201c\u00e7erez\u201d terimini kullan\u0131yoruz.\u00c7EREZ NED\u0130R?\u00c7erez, bir web sitesinin taray\u0131c\u0131n\u0131zdan, bilgisayar\u0131n\u0131zda veya mobil cihaz\u0131n\u0131zda saklamas\u0131n\u0131 istedi\u011fi k\u00fc\u00e7\u00fck bir veri par\u00e7as\u0131d\u0131r. \u00c7erez, web sitesinin eylemlerinizi veya tercihlerinizi zaman i\u00e7erisinde&hellip;<\/p>\n","protected":false},"author":1,"featured_media":0,"parent":0,"menu_order":0,"comment_status":"closed","ping_status":"closed","template":"","meta":{"_coblocks_attr":"","_coblocks_dimensions":"","_coblocks_responsive_height":"","_coblocks_accordion_ie_support":"","iawp_total_views":0,"footnotes":""},"class_list":["post-180","page","type-page","status-publish","hentry"],"_links":{"self":[{"href":"http:\/\/ibernar.com\/tr\/wp-json\/wp\/v2\/pages\/180","targetHints":{"allow":["GET"]}}],"collection":[{"href":"http:\/\/ibernar.com\/tr\/wp-json\/wp\/v2\/pages"}],"about":[{"href":"http:\/\/ibernar.com\/tr\/wp-json\/wp\/v2\/types\/page"}],"author":[{"embeddable":true,"href":"http:\/\/ibernar.com\/tr\/wp-json\/wp\/v2\/users\/1"}],"replies":[{"embeddable":true,"href":"http:\/\/ibernar.com\/tr\/wp-json\/wp\/v2\/comments?post=180"}],"version-history":[{"count":0,"href":"http:\/\/ibernar.com\/tr\/wp-json\/wp\/v2\/pages\/180\/revisions"}],"wp:attachment":[{"href":"http:\/\/ibernar.com\/tr\/wp-json\/wp\/v2\/media?parent=180"}],"curies":[{"name":"wp","href":"https:\/\/api.w.org\/{rel}","templated":true}]}}