{"id":183,"date":"2023-07-01T18:34:55","date_gmt":"2023-07-01T18:34:55","guid":{"rendered":"http:\/\/ibernar.com\/tr\/?page_id=183"},"modified":"2023-07-02T18:36:52","modified_gmt":"2023-07-02T18:36:52","slug":"hukumler-kosullar","status":"publish","type":"page","link":"http:\/\/ibernar.com\/tr\/hukumler-kosullar\/","title":{"rendered":"H\u00fck\u00fcmler ve Ko\u015fullar\u0131"},"content":{"rendered":"\t\t<div data-elementor-type=\"wp-page\" data-elementor-id=\"183\" class=\"elementor elementor-183\" data-elementor-post-type=\"page\">\n\t\t\t\t\t\t<section class=\"elementor-section elementor-top-section elementor-element elementor-element-897e949 elementor-section-boxed elementor-section-height-default elementor-section-height-default\" data-id=\"897e949\" data-element_type=\"section\" data-e-type=\"section\">\n\t\t\t\t\t\t<div class=\"elementor-container elementor-column-gap-default\">\n\t\t\t\t\t<div class=\"elementor-column elementor-col-100 elementor-top-column elementor-element elementor-element-56c1698\" data-id=\"56c1698\" data-element_type=\"column\" data-e-type=\"column\">\n\t\t\t<div class=\"elementor-widget-wrap elementor-element-populated\">\n\t\t\t\t\t\t<div class=\"elementor-element elementor-element-e734d40 elementor-widget elementor-widget-text-editor\" data-id=\"e734d40\" data-element_type=\"widget\" data-e-type=\"widget\" data-widget_type=\"text-editor.default\">\n\t\t\t\t\t\t\t\t\t<p>Ibernar Plastico S.L. web sitesine ho\u015f geldiniz.<br \/>Bu web sitesi, kay\u0131tl\u0131 merkezi Alameda de Col\u00f3n, 16, Oficinas 2A-2B \u00b7 29001 M\u00e1laga\/\u0130spanya adresinde bulunan Ibernar Plastico S.L. firmas\u0131na aittir. <br \/>Bu web sitesinin sahibi ve y\u00fcr\u00fct\u00fcc\u00fcs\u00fc Ibernar Plastico S.L.\u2019 dir. Ziyaret\u00e7iler a\u015fa\u011f\u0131daki ko\u015fullara uymakla y\u00fck\u00fcml\u00fcd\u00fcrler. Bu nedenle devam etmeden \u00f6nce a\u015fa\u011f\u0131da belirtilenleri dikkatle okuman\u0131z\u0131 rica ediyoruz. <br \/>Yasal Uyar\u0131:<br \/>Bu web sitesinde Ibernar Plastico S.L. d\u0131\u015f\u0131ndaki web sitelerine ba\u011flant\u0131lar verilebilmektedir. Bu ba\u011flant\u0131lar izlendi\u011finde s\u00f6z konusu Ibernar Plastico S.L. d\u0131\u015f\u0131ndaki web sitesi bazen tam ekran halinde g\u00f6r\u00fcnt\u00fclenecektir (bu durumda taray\u0131c\u0131n\u0131zda bulunan \u201cgeri\u201d butonuna t\u0131klayarak tekrar bu web sitesine d\u00f6nebilirsiniz); ya da bazen ilgili web sitesi bu web sitesinin \u00e7er\u00e7evesi i\u00e7inde g\u00f6r\u00fcnt\u00fclenebilir (bu durumda da navigasyon butonlar\u0131yla web sitesine d\u00f6nebilirsiniz).<br \/>Bir web sitesinin, bu web sitesi \u00e7er\u00e7evesi i\u00e7inde g\u00f6r\u00fcnt\u00fclenmesi yaln\u0131zca geri d\u00f6n\u00fc\u015f kolayl\u0131\u011f\u0131 i\u00e7indir ve s\u00f6z konusu web sitesinden sorumlu oldu\u011fumuz anlam\u0131na gelmez.<br \/>Bu linkler arad\u0131\u011f\u0131n\u0131z web sitesini, ilginebilece\u011finiz \u00fcr\u00fcn ve\/veya hizmetleri bulmada size kolayl\u0131k ve h\u0131z sa\u011flamak amac\u0131yla verilmi\u015ftir.<br \/>Bu \u00fcr\u00fcn ya da hizmetlerin size uygun olup olmad\u0131\u011f\u0131na karar vermek sizin sorumlulu\u011funuzdad\u0131r. Ibernar Plastico S.L., s\u00f6z konusu web sitelerinin sahiplerinden ya da operat\u00f6rlerinden ya da onlar\u0131n sa\u011flad\u0131\u011f\u0131 mal ya da hizmetlerden, ya da web sitesinin i\u00e7eri\u011finden sorumlu olmad\u0131\u011f\u0131 gibi, bunlarla ilgili olarak herhangi bir anla\u015fmaya girmemi\u015f, garanti vermemi\u015f ya da herhangi bir taahh\u00fctte bulunmam\u0131\u015ft\u0131r.<br \/>Bu nedenle bunlardan dolay\u0131 herhangi bir y\u00fck\u00fcml\u00fcl\u00fc\u011f\u00fc (bu web sitesinin ba\u011flant\u0131 sa\u011flad\u0131\u011f\u0131 bir ba\u015fka Ibernar Plastico S.L. d\u0131\u015f\u0131 web sitesinin i\u00e7eri\u011finde herhangi bir \u00fc\u00e7\u00fcnc\u00fc \u015fahs\u0131n fikri haklar\u0131n\u0131 ihlal etti\u011fi gerek\u00e7esiyle tazminat talebinden do\u011fabilecek herhangi bir y\u00fck\u00fcml\u00fcl\u00fck dahil olmak \u00fczere) kabul etmemektedir.<br \/>Bu web sitesinde yer alan b\u00fct\u00fcn bilgiler ve tavsiyeler genel nitelikte oldu\u011fundan bunlara dayanarak karar vermemeniz gerekir. Ibernar Plastico S.L. bu web sitesinde sunulan b\u00fct\u00fcn bilgilerin, web sitesine dahil edildi\u011fi an itibariyle, do\u011fru olmas\u0131na gayret etmekte, ancak bunlar\u0131n do\u011fru oldu\u011funa dair garanti vermemektedir.<br \/>Bu bilgilere ya da tavsiyelere dayanarak verdi\u011finiz kararlar\u0131n sonu\u00e7lar\u0131ndan, u\u011frayabilece\u011finiz zarar ya da ziyandan Ibernar Plastico S.L. sorumlu de\u011fildir.<br \/>Ko\u015fullar:<br \/>Bu web sitesi telif haklar\u0131 ve\/veya di\u011fer fikri m\u00fclkiyet haklar\u0131 taraf\u0131ndan korunan yaz\u0131, foto\u011fraf, di\u011fer g\u00f6rsel \u00f6\u011feler ve ses \u00f6\u011feleri gibi malzemeler i\u00e7ermektedir. Telif haklar\u0131 ve di\u011fer fikri m\u00fclkiyet haklar\u0131n\u0131n tamam\u0131 Ibernar Plastico S.L. m\u00fclkiyetindedir ya da Ibernar Plastico S.L.\u2019 ye lisans kar\u015f\u0131l\u0131\u011f\u0131nda bu haklar\u0131n sahipleri taraf\u0131ndan s\u00f6z konusu malzemeleri bu sitede kullanma hakk\u0131 verilmi\u015ftir.\u00a0<br \/>Bu web sitesinde ayr\u0131ca baz\u0131 ticari markalar\u0131n ve Ibernar Plastico S.L.\u2019nin markas\u0131 ve amblemi yer almaktad\u0131r.<br \/>Bu web sitesinde bulunan b\u00fct\u00fcn ticari markalar Ibernar Plastico S.L.\u2019 ye aittir.<br \/>Yapabilecekleriniz:<br \/>Bu web sitesinin b\u00fct\u00fcn b\u00f6l\u00fcmlerine girebilirsiniz; Ki\u015fisel ba\u015fvuru amac\u0131yla b\u00fct\u00fcn sayfalar\u0131ndan birer adet bas\u0131l\u0131 kopya alabilirsiniz.<br \/>\u00d6nceden a\u00e7\u0131k yaz\u0131l\u0131 onay\u0131m\u0131z\u0131 almadan yapamayacaklar\u0131n\u0131z:<br \/>Bu web sitesinde bulunan malzemeleri kopyalayamazs\u0131n\u0131z (bas\u0131l\u0131 kopya almak, diske kaydetmek, bilgisayar\u0131n\u0131za indirmek ya da ba\u015fka \u015fekillerde kopyalamak dahil); da\u011f\u0131tamazs\u0131n\u0131z (kopyalar\u0131n\u0131n da\u011f\u0131t\u0131lmas\u0131 dahil); yay\u0131nlayamazs\u0131n\u0131z, de\u011fi\u015ftiremez ya da \u00fczerinde oynayamazs\u0131n\u0131z; ya da yukar\u0131da \u201cyapabilecekleriniz\u201d paragraf\u0131nda belirtilenler d\u0131\u015f\u0131nda, ba\u015fka \u015fekillerde kullanamazs\u0131n\u0131z.<br \/>Web sitesinden kopyalanm\u0131\u015f, bas\u0131l\u0131 ka\u011f\u0131t kopyas\u0131 al\u0131nm\u0131\u015f malzemelerden, orijinal malzemede bulunan telif hakk\u0131, marka ya da di\u011fer fikri haklarla ilgili uyar\u0131lar\u0131\/i\u015faretleri \u00e7\u0131karamazs\u0131n\u0131z.<br \/>Bu web sitesine link ekleyemezsiniz\/link veremezsiniz.<br \/>E\u011fer bu web sitesine bir \u201chipertext\u201d (yard\u0131ml\u0131 metin) ya da link eklemek istiyorsan\u0131z, l\u00fctfen site edit\u00f6r\u00fcm\u00fcze ba\u015fvurun ve a\u015fa\u011f\u0131daki bilgileri kendisine verin:<br \/>&#8211; Bu web sitesinden link vermek istedi\u011finiz web sayfas\u0131n\u0131n\/sayfalar\u0131n\u0131n URL adresi\/adresleri<br \/>&#8211; Bu web sitesine link vermek istedi\u011finiz web sayfas\u0131n\u0131n\/sayfalar\u0131n\u0131n URL adresi\/adresleri<br \/>Bu bilgileri verdikten sonra ba\u015fvurunuzu de\u011ferlendirmeye alaca\u011f\u0131z. \u0130ste\u011finizi kabul etmek ya da etmemek bizim karar\u0131m\u0131za ba\u011fl\u0131d\u0131r ve iste\u011finizi kabul etmek gibi bir zorunlulu\u011fumuz bulunmamaktad\u0131r.\u00a0<br \/>Ko\u015fullarda de\u011fi\u015fiklik yap\u0131lmas\u0131:<br \/>Ibernar Plastico S.L. gerek ko\u015fullarda, gerekse yukar\u0131da yer alan yasal uyar\u0131da zaman zaman de\u011fi\u015fiklikler yapabilir.<br \/>Bu web sitesine girerek o an i\u00e7in ge\u00e7erli olan ko\u015fullar\u0131 ve yasal uyar\u0131y\u0131 kabul etmi\u015f olaca\u011f\u0131n\u0131zdan her defas\u0131nda s\u00f6z konusu ko\u015fullar\u0131 ve yasal uyar\u0131 kontrol etmeniz gerekir.<br \/>Web Sitesinde De\u011fi\u015fiklik Yap\u0131lmas\u0131\/Web Sitesinin Faaliyeti:<br \/>Ibernar Plastico S.L. her zaman i\u00e7in bu web sitesinin format\u0131nda ve i\u00e7eri\u011finde de\u011fi\u015fiklik yapabilir.<br \/>Ibernar Plastico S.L. i\u00e7eri\u011fin g\u00fcncellenmesi ya da ba\u015fka nedenlerle destek ya da bak\u0131m \u00e7al\u0131\u015fmalar\u0131 s\u0131ras\u0131nda bu web sitesinin faaliyetini ask\u0131ya alabilir.\u00a0<br \/>Ibernar Plastico S.L. her zaman i\u00e7in herhangi bir bildirimde bulunmaks\u0131z\u0131n bu web sitesine eri\u015fime son verme hakk\u0131na sahiptir.<br \/>Verilerin Korunmas\u0131:<br \/>Bu web sitesi arac\u0131l\u0131\u011f\u0131yla Ibernar Plastico S.L. sa\u011flanan bilgiler yaln\u0131zca gizlilik politikas\u0131na uygun \u015fekilde kullan\u0131labilir.<br \/>L\u00fctfen sitemizi kullanmaya ba\u015flamadan \u00f6nce gizlilik politikam\u0131z\u0131 dikkatle okuyun. Bize ki\u015fisel bilgilerinizi aktard\u0131\u011f\u0131n\u0131z zaman bu bilgilerin gizlilik politikam\u0131z \u00e7er\u00e7evesinde kullan\u0131lmas\u0131n\u0131 onaylam\u0131\u015f kabul edileceksiniz.<br \/>\u015eikayet Prosed\u00fcr\u00fc:<br \/>Bu web sitesi ile ilgili soru sormak ya da bir \u015fikayette bulunmak istedi\u011finizde l\u00fctfen\u00a0info@ibernar.com\u00a0e-posta adresi kanal\u0131yla Ibernar Plastico S.L. yetkilisi ile ba\u011flant\u0131 kurun.<br \/>Yetkili Mahkeme:<br \/>Bu ko\u015fullar yerel yasalar\u0131n d\u00fczenleyici h\u00fck\u00fcmlerine tabidir ve bu yasalara uygun olarak yorumlanacakt\u0131r.<br \/>Bir s\u00f6zle\u015fme \u00e7er\u00e7evesinde ya da haks\u0131z fiil nedeniyle a\u00e7\u0131lacak bir dava sonucunda ya da ba\u015fka \u015fekillerde bu ko\u015fullarlardan kaynaklanan ya da bu web sitesi ile ba\u011flant\u0131l\u0131 olarak ortaya \u00e7\u0131kabilecek uyu\u015fmazl\u0131klarda, m\u00fcnhas\u0131ran olmamak \u00fczere, yerel mahkemeler yetkili olacakt\u0131r.<\/p>\t\t\t\t\t\t\t\t<\/div>\n\t\t\t\t\t<\/div>\n\t\t<\/div>\n\t\t\t\t\t<\/div>\n\t\t<\/section>\n\t\t\t\t<\/div>\n\t\t","protected":false},"excerpt":{"rendered":"<p>Ibernar Plastico S.L. web sitesine ho\u015f geldiniz.Bu web sitesi, kay\u0131tl\u0131 merkezi Alameda de Col\u00f3n, 16, Oficinas 2A-2B \u00b7 29001 M\u00e1laga\/\u0130spanya adresinde bulunan Ibernar Plastico S.L. firmas\u0131na aittir. Bu web sitesinin sahibi ve y\u00fcr\u00fct\u00fcc\u00fcs\u00fc Ibernar Plastico S.L.\u2019 dir. Ziyaret\u00e7iler a\u015fa\u011f\u0131daki ko\u015fullara uymakla y\u00fck\u00fcml\u00fcd\u00fcrler. Bu nedenle devam&hellip;<\/p>\n","protected":false},"author":1,"featured_media":0,"parent":0,"menu_order":0,"comment_status":"closed","ping_status":"closed","template":"","meta":{"_coblocks_attr":"","_coblocks_dimensions":"","_coblocks_responsive_height":"","_coblocks_accordion_ie_support":"","iawp_total_views":0,"footnotes":""},"class_list":["post-183","page","type-page","status-publish","hentry"],"_links":{"self":[{"href":"http:\/\/ibernar.com\/tr\/wp-json\/wp\/v2\/pages\/183","targetHints":{"allow":["GET"]}}],"collection":[{"href":"http:\/\/ibernar.com\/tr\/wp-json\/wp\/v2\/pages"}],"about":[{"href":"http:\/\/ibernar.com\/tr\/wp-json\/wp\/v2\/types\/page"}],"author":[{"embeddable":true,"href":"http:\/\/ibernar.com\/tr\/wp-json\/wp\/v2\/users\/1"}],"replies":[{"embeddable":true,"href":"http:\/\/ibernar.com\/tr\/wp-json\/wp\/v2\/comments?post=183"}],"version-history":[{"count":0,"href":"http:\/\/ibernar.com\/tr\/wp-json\/wp\/v2\/pages\/183\/revisions"}],"wp:attachment":[{"href":"http:\/\/ibernar.com\/tr\/wp-json\/wp\/v2\/media?parent=183"}],"curies":[{"name":"wp","href":"https:\/\/api.w.org\/{rel}","templated":true}]}}