{"id":189,"date":"2023-07-01T18:54:59","date_gmt":"2023-07-01T18:54:59","guid":{"rendered":"http:\/\/ibernar.com\/tr\/?page_id=189"},"modified":"2023-07-02T18:43:59","modified_gmt":"2023-07-02T18:43:59","slug":"erisilebilirlik","status":"publish","type":"page","link":"http:\/\/ibernar.com\/tr\/erisilebilirlik\/","title":{"rendered":"Eri\u015filebilirlik"},"content":{"rendered":"\t\t<div data-elementor-type=\"wp-page\" data-elementor-id=\"189\" class=\"elementor elementor-189\" data-elementor-post-type=\"page\">\n\t\t\t\t\t\t<section class=\"elementor-section elementor-top-section elementor-element elementor-element-7731143 elementor-section-boxed elementor-section-height-default elementor-section-height-default\" data-id=\"7731143\" data-element_type=\"section\" data-e-type=\"section\">\n\t\t\t\t\t\t<div class=\"elementor-container elementor-column-gap-default\">\n\t\t\t\t\t<div class=\"elementor-column elementor-col-100 elementor-top-column elementor-element elementor-element-7759837\" data-id=\"7759837\" data-element_type=\"column\" data-e-type=\"column\">\n\t\t\t<div class=\"elementor-widget-wrap elementor-element-populated\">\n\t\t\t\t\t\t<div class=\"elementor-element elementor-element-0a539d5 elementor-widget elementor-widget-text-editor\" data-id=\"0a539d5\" data-element_type=\"widget\" data-e-type=\"widget\" data-widget_type=\"text-editor.default\">\n\t\t\t\t\t\t\t\t\t<p>Ibernar Plastico S.L. web sitesini ziyaret eden herkesin kendilerini iyi kar\u015f\u0131lanm\u0131\u015f hissetmelerini ve bu deneyimi hem \u015fimdi hem de gelecekte faydal\u0131 bulmalar\u0131n\u0131 istiyoruz. Bunu ba\u015farmam\u0131za yard\u0131mc\u0131 olmas\u0131 i\u00e7in WCAG 2.1 (AA seviyesi) ile tan\u0131mlanan en iyi uygulamalar\u0131 ve standartlar\u0131 benimsiyoruz.<br \/>Web sitelerimizi herkese eri\u015filebilir k\u0131lmaya \u00e7al\u0131\u015f\u0131yoruz \u00e7\u00fcnk\u00fc \u00e7e\u015fitlilik ve kapsay\u0131c\u0131l\u0131k kimli\u011fimizin ve savundu\u011fumuz g\u00f6r\u00fc\u015f\u00fcn \u00f6nemli bir par\u00e7as\u0131d\u0131r.<br \/>\u0130htiya\u00e7 duyduklar\u0131n\u0131z\u0131n daha kolay bulunmas\u0131<br \/>Hem haric\u00ee hem de d\u00e2hil\u00ee sitelerimizin masa\u00fcst\u00fc bilgisayarlardan ak\u0131ll\u0131 telefonlara kadar \u00e7e\u015fitli platformlardaki pop\u00fcler taray\u0131c\u0131larla \u00e7al\u0131\u015ft\u0131\u011f\u0131ndan emin olmak istiyoruz.\u00a0<br \/>Sitelerimize eri\u015fim konusunda sorular\u0131n\u0131z veya \u00f6nerileriniz olursa veya herhangi bir tutars\u0131zl\u0131kla kar\u015f\u0131la\u015f\u0131rsan\u0131z l\u00fctfen\u00a0bizimle irtibata ge\u00e7in.<br \/>Eri\u015filebilirlik ara\u00e7lar\u0131<br \/>A\u015fa\u011f\u0131da web sitelerimize daha iyi eri\u015febilmenize yard\u0131mc\u0131 olacak birka\u00e7 ipucu bulacaks\u0131n\u0131z. Bilgisayar\u0131n\u0131z\u0131 internette eri\u015filebilir k\u0131lmaya y\u00f6nelik tam bir k\u0131lavuz i\u00e7in\u00a0Ability Net My Computer My Way\u00a0\u00a0web sitesini ziyaret etmenizi \u00f6neriyoruz.<br \/>Taray\u0131c\u0131n\u0131zda sayfalar\u0131n okunmas\u0131n\u0131 kolayla\u015ft\u0131rma<br \/>Metin \u00e7ok k\u00fc\u00e7\u00fck oldu\u011funda web sayfalar\u0131n\u0131 g\u00f6r\u00fcnt\u00fclemek zor olabilir. Internet Explorer, Chrome, Firefox, Safari ve Opera gibi en pop\u00fcler taray\u0131c\u0131lar, bir web sayfas\u0131n\u0131 yak\u0131nla\u015ft\u0131rmak ve uzakla\u015ft\u0131rmak i\u00e7in a\u015fa\u011f\u0131daki fare hareketlerini ve klavye vuru\u015flar\u0131n\u0131 desteklemektedir. (Windows sistemlerinde Control tu\u015funu, Mac OS&#8217;de ise Command tu\u015funu kullan\u0131n.)<br \/>Yak\u0131nla\u015ft\u0131rmak veya uzakla\u015ft\u0131rmak i\u00e7in Control\/Command tu\u015funu bas\u0131l\u0131 tutun ve yukar\u0131 veya a\u015fa\u011f\u0131 kayd\u0131r\u0131n<br \/>Yak\u0131nla\u015ft\u0131rmak i\u00e7in Control\/Command tu\u015funu bas\u0131l\u0131 tutun ve + veya \u2013 tu\u015funa bas\u0131n<br \/>Ekran\u0131n\u0131z\u0131n b\u00fcy\u00fct\u00fclmesi<br \/>Metni okumay\u0131 kolayla\u015ft\u0131rman\u0131n ba\u015fka bir yolu da ekran\u0131 b\u00fcy\u00fctmektir.<br \/>Windows&#8217;un son versiyonlar\u0131n\u0131n t\u00fcm\u00fcnde kullan\u0131c\u0131lar\u0131n ekran\u0131n bir k\u0131sm\u0131n\u0131 b\u00fcy\u00fctmesine imk\u00e2n veren bir b\u00fcy\u00fcte\u00e7 bulunur. Ancak g\u00f6rme bozuklu\u011fu olan insanlar b\u00fct\u00fcn\u00fcyle i\u015flevsel bir b\u00fcy\u00fcte\u00e7 yaz\u0131l\u0131m\u0131na gerek duyabilirler.<br \/>\u00a0Windows 10 Magnifier,\u00a0Windows 8.1 Magnifier,\u00a0Windows 7 Magnifier\u00a0ekran b\u00fcy\u00fcte\u00e7leri hakk\u0131nda bilgi edinin.<br \/>Apple OS X i\u015fletim sistemleriyle \u00e7al\u0131\u015fan kullan\u0131c\u0131lar yerle\u015fik Zoom \u00f6zelli\u011fini kullanabilirler.\u00a0OSX eri\u015filebilirlik \u00f6zelliklerini okuyun.<br \/>Ekran okuyucunun kullan\u0131m\u0131<br \/>Windows kullan\u0131c\u0131lar\u0131 Windows Narrator kullanarak ekrandaki metni konu\u015fmaya d\u00f6n\u00fc\u015ft\u00fcrebilirler. Bu \u00f6zellik\u00a0Windows 10 Narrator,\u00a0Windows 8.1 Narrator,\u00a0Windows 7 Narrator\u00a0ile kullan\u0131labilir.<br \/>Apple OSX i\u015fletim sisteminde kullan\u0131c\u0131lar\u00a0VoiceOver\u00a0\u00f6zelli\u011fini kullanabilirler.<br \/>Bunun yan\u0131 s\u0131ra\u00a0JAWS\u00a0(Job Access With Speech) ve\u00a0NVDA\u00fccrets\u00a0program\u0131 gibi \u00fc\u00e7\u00fcnc\u00fc taraf ekran okuyucular da mevcuttur.<br \/>PDF dosyalar<br \/>Orjinal belgelerimizin g\u00f6r\u00fcn\u00fcm\u00fcn\u00fc ve hissiyat\u0131n\u0131 korumam\u0131za yard\u0131mc\u0131 olmas\u0131 i\u00e7in PDF dosyalar\u0131 kullan\u0131yoruz. PDF dosyalar\u0131 a\u00e7mak ve g\u00f6r\u00fcnt\u00fclemek i\u00e7in\u00a0Adobe Acrobat Reader&#8217;\u0131n en son versiyonunu \u00fccretsiz olarak indirebilirsiniz.<br \/>Adobe ayr\u0131ca\u00a0ekran okuyucular kullanarak PDF&#8217;lere eri\u015fim\u00a0hakk\u0131nda da bilgi yay\u0131nlamaktad\u0131r.<\/p>\t\t\t\t\t\t\t\t<\/div>\n\t\t\t\t\t<\/div>\n\t\t<\/div>\n\t\t\t\t\t<\/div>\n\t\t<\/section>\n\t\t\t\t<\/div>\n\t\t","protected":false},"excerpt":{"rendered":"<p>Ibernar Plastico S.L. web sitesini ziyaret eden herkesin kendilerini iyi kar\u015f\u0131lanm\u0131\u015f hissetmelerini ve bu deneyimi hem \u015fimdi hem de gelecekte faydal\u0131 bulmalar\u0131n\u0131 istiyoruz. Bunu ba\u015farmam\u0131za yard\u0131mc\u0131 olmas\u0131 i\u00e7in WCAG 2.1 (AA seviyesi) ile tan\u0131mlanan en iyi uygulamalar\u0131 ve standartlar\u0131 benimsiyoruz.Web sitelerimizi herkese eri\u015filebilir k\u0131lmaya \u00e7al\u0131\u015f\u0131yoruz&hellip;<\/p>\n","protected":false},"author":1,"featured_media":0,"parent":0,"menu_order":0,"comment_status":"closed","ping_status":"closed","template":"","meta":{"_coblocks_attr":"","_coblocks_dimensions":"","_coblocks_responsive_height":"","_coblocks_accordion_ie_support":"","iawp_total_views":1,"footnotes":""},"class_list":["post-189","page","type-page","status-publish","hentry"],"_links":{"self":[{"href":"http:\/\/ibernar.com\/tr\/wp-json\/wp\/v2\/pages\/189","targetHints":{"allow":["GET"]}}],"collection":[{"href":"http:\/\/ibernar.com\/tr\/wp-json\/wp\/v2\/pages"}],"about":[{"href":"http:\/\/ibernar.com\/tr\/wp-json\/wp\/v2\/types\/page"}],"author":[{"embeddable":true,"href":"http:\/\/ibernar.com\/tr\/wp-json\/wp\/v2\/users\/1"}],"replies":[{"embeddable":true,"href":"http:\/\/ibernar.com\/tr\/wp-json\/wp\/v2\/comments?post=189"}],"version-history":[{"count":0,"href":"http:\/\/ibernar.com\/tr\/wp-json\/wp\/v2\/pages\/189\/revisions"}],"wp:attachment":[{"href":"http:\/\/ibernar.com\/tr\/wp-json\/wp\/v2\/media?parent=189"}],"curies":[{"name":"wp","href":"https:\/\/api.w.org\/{rel}","templated":true}]}}