{"id":53,"date":"2019-04-18T11:16:34","date_gmt":"2019-04-18T11:16:34","guid":{"rendered":"https:\/\/envothemes.com\/envo-ecommerce\/?page_id=53"},"modified":"2023-07-09T20:03:16","modified_gmt":"2023-07-09T20:03:16","slug":"hakkimizda","status":"publish","type":"page","link":"https:\/\/ibernar.com\/tr\/hakkimizda\/","title":{"rendered":"Hakk\u0131m\u0131zda"},"content":{"rendered":"\t\t<div data-elementor-type=\"wp-post\" data-elementor-id=\"53\" class=\"elementor elementor-53\" data-elementor-post-type=\"page\">\n\t\t\t\t\t\t<section class=\"elementor-section elementor-top-section elementor-element elementor-element-9a8bc7c elementor-section-boxed elementor-section-height-default elementor-section-height-default\" data-id=\"9a8bc7c\" data-element_type=\"section\" data-e-type=\"section\">\n\t\t\t\t\t\t<div class=\"elementor-container elementor-column-gap-default\">\n\t\t\t\t\t<div class=\"elementor-column elementor-col-50 elementor-top-column elementor-element elementor-element-600fc55 animated-slow elementor-invisible\" data-id=\"600fc55\" data-element_type=\"column\" data-e-type=\"column\" data-settings=\"{&quot;animation&quot;:&quot;fadeInLeft&quot;}\">\n\t\t\t<div class=\"elementor-widget-wrap elementor-element-populated\">\n\t\t\t\t\t\t<div class=\"elementor-element elementor-element-6da43f9 elementor-widget__width-initial elementor-widget-divider--view-line elementor-widget elementor-widget-divider\" data-id=\"6da43f9\" data-element_type=\"widget\" data-e-type=\"widget\" data-widget_type=\"divider.default\">\n\t\t\t\t\t\t\t<div class=\"elementor-divider\">\n\t\t\t<span class=\"elementor-divider-separator\">\n\t\t\t\t\t\t<\/span>\n\t\t<\/div>\n\t\t\t\t\t\t<\/div>\n\t\t\t\t<div class=\"elementor-element elementor-element-1694963 elementor-widget__width-auto elementor-widget elementor-widget-heading\" data-id=\"1694963\" data-element_type=\"widget\" data-e-type=\"widget\" data-settings=\"{&quot;_animation&quot;:&quot;none&quot;,&quot;_animation_delay&quot;:300}\" data-widget_type=\"heading.default\">\n\t\t\t\t\t<h3 class=\"elementor-heading-title elementor-size-default\">Ibernar<\/h3>\t\t\t\t<\/div>\n\t\t\t\t<div class=\"elementor-element elementor-element-76e2d41 elementor-widget elementor-widget-heading\" data-id=\"76e2d41\" data-element_type=\"widget\" data-e-type=\"widget\" data-widget_type=\"heading.default\">\n\t\t\t\t\t<h2 class=\"elementor-heading-title elementor-size-default\">Biz Kimiz?<\/h2>\t\t\t\t<\/div>\n\t\t\t\t<div class=\"elementor-element elementor-element-dbb89d1 elementor-widget elementor-widget-text-editor\" data-id=\"dbb89d1\" data-element_type=\"widget\" data-e-type=\"widget\" data-widget_type=\"text-editor.default\">\n\t\t\t\t\t\t\t\t\t<p>Plastik sekt\u00f6r\u00fcnde uzun y\u0131llar edindi\u011fimiz bilgi ve deneyimi Iber yar\u0131madas\u0131 ile payla\u015fma<br \/>amac\u0131 ile yola \u00e7\u0131kt\u0131k. T\u00fcrkiye\u2019 den \u00e7\u0131kt\u0131\u011f\u0131m\u0131z yolculu\u011fumuzda yar\u0131madan\u0131n en h\u0131zl\u0131, en<br \/>efektif ve en g\u00fcvenilir tedarik\u00e7isi olmay\u0131 hedefliyoruz. Sekt\u00f6rde edindi\u011fimiz tecr\u00fcbenin<br \/>verdi\u011fi g\u00fcvenle, siz de\u011ferli i\u015f ortaklar\u0131m\u0131za farkl\u0131 sekt\u00f6rlere hitap eden geni\u015f \u00e7er\u00e7eveli<br \/>\u00fcr\u00fcnlerimizi sunuyoruz. Taleplerinizi, deneyimli i\u015fbirlik\u00e7ilerimizin y\u00fcksek teknoloji ile<br \/>\u00fcretilen \u00fcr\u00fcnleri ile birebir e\u015fle\u015ftiriyor ve en h\u0131zl\u0131, en uygun maliyetli opsiyonlar\u0131 ile<br \/>sizlerle bulu\u015fturuyoruz. \u0130leti\u015fim ve veri ak\u0131\u015f\u0131 g\u00fcc\u00fcne inan\u0131yoruz. \u0130\u015f ortaklar\u0131m\u0131z\u0131n tamam\u0131<br \/>ile s\u00fcrd\u00fcr\u00fclebilir, \u015feffaf ve takip edilebilir bir anlay\u0131\u015f ile hareket ediyoruz.<br \/>M\u00fc\u015fterilerimizden gelen talepleri s\u00fcrekli takip ederek, etkili bir ileti\u015fim s\u00fcreci<br \/>y\u00fcr\u00fct\u00fcyoruz. Amac\u0131m\u0131z, hammadde ve yar\u0131 mam\u00fcl tedari\u011finin yan\u0131 s\u0131ra, ihtiya\u00e7lar\u0131n\u0131za<br \/>farkl\u0131 bak\u0131\u015f a\u00e7\u0131lar\u0131 ile yakla\u015farak g\u00fcvenle dan\u0131\u015fabilece\u011finiz \u00e7\u00f6z\u00fcm orta\u011f\u0131n\u0131z olmakt\u0131r.<\/p>\t\t\t\t\t\t\t\t<\/div>\n\t\t\t\t\t<\/div>\n\t\t<\/div>\n\t\t\t\t<div class=\"elementor-column elementor-col-50 elementor-top-column elementor-element elementor-element-b16bf7b\" data-id=\"b16bf7b\" data-element_type=\"column\" data-e-type=\"column\">\n\t\t\t<div class=\"elementor-widget-wrap elementor-element-populated\">\n\t\t\t\t\t\t<div class=\"elementor-element elementor-element-b6bf83b elementor-widget__width-initial elementor-widget elementor-widget-image\" data-id=\"b6bf83b\" data-element_type=\"widget\" data-e-type=\"widget\" data-widget_type=\"image.default\">\n\t\t\t\t\t\t\t\t\t\t\t\t\t\t\t<img fetchpriority=\"high\" decoding=\"async\" width=\"1094\" height=\"1368\" src=\"https:\/\/ibernar.com\/tr\/wp-content\/uploads\/2023\/07\/sel.jpg\" class=\"attachment-full size-full wp-image-1094\" alt=\"\" srcset=\"https:\/\/ibernar.com\/tr\/wp-content\/uploads\/2023\/07\/sel.jpg 1094w, https:\/\/ibernar.com\/tr\/wp-content\/uploads\/2023\/07\/sel-400x500.jpg 400w, https:\/\/ibernar.com\/tr\/wp-content\/uploads\/2023\/07\/sel-960x1200.jpg 960w, https:\/\/ibernar.com\/tr\/wp-content\/uploads\/2023\/07\/sel-768x960.jpg 768w, https:\/\/ibernar.com\/tr\/wp-content\/uploads\/2023\/07\/sel-600x750.jpg 600w\" sizes=\"(max-width: 1094px) 100vw, 1094px\" title=\"\">\t\t\t\t\t\t\t\t\t\t\t\t\t\t\t<\/div>\n\t\t\t\t\t<\/div>\n\t\t<\/div>\n\t\t\t\t\t<\/div>\n\t\t<\/section>\n\t\t\t\t<\/div>\n\t\t","protected":false},"excerpt":{"rendered":"<p>Ibernar Biz Kimiz? Plastik sekt\u00f6r\u00fcnde uzun y\u0131llar edindi\u011fimiz bilgi ve deneyimi Iber yar\u0131madas\u0131 ile payla\u015fmaamac\u0131 ile yola \u00e7\u0131kt\u0131k. T\u00fcrkiye\u2019 den \u00e7\u0131kt\u0131\u011f\u0131m\u0131z yolculu\u011fumuzda yar\u0131madan\u0131n en h\u0131zl\u0131, enefektif ve en g\u00fcvenilir tedarik\u00e7isi olmay\u0131 hedefliyoruz. Sekt\u00f6rde edindi\u011fimiz tecr\u00fcbeninverdi\u011fi g\u00fcvenle, siz de\u011ferli i\u015f ortaklar\u0131m\u0131za farkl\u0131 sekt\u00f6rlere hitap eden geni\u015f&hellip;<\/p>\n","protected":false},"author":1,"featured_media":0,"parent":0,"menu_order":0,"comment_status":"closed","ping_status":"closed","template":"elementor_theme","meta":{"_coblocks_attr":"","_coblocks_dimensions":"","_coblocks_responsive_height":"","_coblocks_accordion_ie_support":"","iawp_total_views":4,"footnotes":""},"class_list":["post-53","page","type-page","status-publish","hentry"],"_links":{"self":[{"href":"https:\/\/ibernar.com\/tr\/wp-json\/wp\/v2\/pages\/53","targetHints":{"allow":["GET"]}}],"collection":[{"href":"https:\/\/ibernar.com\/tr\/wp-json\/wp\/v2\/pages"}],"about":[{"href":"https:\/\/ibernar.com\/tr\/wp-json\/wp\/v2\/types\/page"}],"author":[{"embeddable":true,"href":"https:\/\/ibernar.com\/tr\/wp-json\/wp\/v2\/users\/1"}],"replies":[{"embeddable":true,"href":"https:\/\/ibernar.com\/tr\/wp-json\/wp\/v2\/comments?post=53"}],"version-history":[{"count":0,"href":"https:\/\/ibernar.com\/tr\/wp-json\/wp\/v2\/pages\/53\/revisions"}],"wp:attachment":[{"href":"https:\/\/ibernar.com\/tr\/wp-json\/wp\/v2\/media?parent=53"}],"curies":[{"name":"wp","href":"https:\/\/api.w.org\/{rel}","templated":true}]}}