{"id":1510,"date":"2023-07-10T19:31:31","date_gmt":"2023-07-10T19:31:31","guid":{"rendered":"http:\/\/ibernar.com\/tr\/?post_type=product&#038;p=1510"},"modified":"2023-07-10T20:55:25","modified_gmt":"2023-07-10T20:55:25","slug":"kalsit","status":"publish","type":"product","link":"https:\/\/ibernar.com\/tr\/product\/kalsit\/","title":{"rendered":"Kalsit"},"content":{"rendered":"","protected":false},"excerpt":{"rendered":"<p>\u00c7o\u011funlukla PE ve PP hammaddelerinde \u00fcretim yapan sekt\u00f6rlerde maliyeti d\u00fc\u015f\u00fcrmek ve \u00fcr\u00fcn sertli\u011fini artt\u0131rmak i\u00e7in kullan\u0131lmak \u00fczere kullan\u0131lmaktad\u0131r. \u00c7e\u015fitli Kalsiyum Oksit oranlar\u0131nda form\u00fcle edilen se\u00e7eneklerimiz mevcuttur. Ba\u015fta enjeksiyon ve ektr\u00fczyon olmak \u00fczere her \u00e7e\u015fit i\u015fleme prosesine uygundur.<\/p>\n","protected":false},"featured_media":1511,"template":"","meta":{"_coblocks_attr":"","_coblocks_dimensions":"","_coblocks_responsive_height":"","_coblocks_accordion_ie_support":"","iawp_total_views":3},"product_brand":[],"product_cat":[33],"product_tag":[20],"class_list":{"0":"post-1510","1":"product","2":"type-product","3":"status-publish","4":"has-post-thumbnail","6":"product_cat-masterbatch","7":"product_tag-kalsit","9":"first","10":"instock","11":"shipping-taxable","12":"product-type-simple"},"_links":{"self":[{"href":"https:\/\/ibernar.com\/tr\/wp-json\/wp\/v2\/product\/1510","targetHints":{"allow":["GET"]}}],"collection":[{"href":"https:\/\/ibernar.com\/tr\/wp-json\/wp\/v2\/product"}],"about":[{"href":"https:\/\/ibernar.com\/tr\/wp-json\/wp\/v2\/types\/product"}],"version-history":[{"count":0,"href":"https:\/\/ibernar.com\/tr\/wp-json\/wp\/v2\/product\/1510\/revisions"}],"wp:featuredmedia":[{"embeddable":true,"href":"https:\/\/ibernar.com\/tr\/wp-json\/wp\/v2\/media\/1511"}],"wp:attachment":[{"href":"https:\/\/ibernar.com\/tr\/wp-json\/wp\/v2\/media?parent=1510"}],"wp:term":[{"taxonomy":"product_brand","embeddable":true,"href":"https:\/\/ibernar.com\/tr\/wp-json\/wp\/v2\/product_brand?post=1510"},{"taxonomy":"product_cat","embeddable":true,"href":"https:\/\/ibernar.com\/tr\/wp-json\/wp\/v2\/product_cat?post=1510"},{"taxonomy":"product_tag","embeddable":true,"href":"https:\/\/ibernar.com\/tr\/wp-json\/wp\/v2\/product_tag?post=1510"}],"curies":[{"name":"wp","href":"https:\/\/api.w.org\/{rel}","templated":true}]}}