{"id":1519,"date":"2023-07-10T19:53:11","date_gmt":"2023-07-10T19:53:11","guid":{"rendered":"http:\/\/ibernar.com\/tr\/?post_type=product&#038;p=1519"},"modified":"2023-07-10T20:54:50","modified_gmt":"2023-07-10T20:54:50","slug":"polimer","status":"publish","type":"product","link":"https:\/\/ibernar.com\/tr\/product\/polimer\/","title":{"rendered":"Polimer"},"content":{"rendered":"","protected":false},"excerpt":{"rendered":"<p>Polimerler Termoplastikler, Termosetler ve elastomerler olarak 3 ana grupta adland\u0131r\u0131l\u0131rlar. Plastik \u00fcretim a\u015famas\u0131n\u0131n ana kalemi olarak adland\u0131r\u0131lan ve ba\u015fta Polietilen ve Polipropilen gelen polimerler, plastik sekt\u00f6r\u00fcnde taleplerin ve ihtiya\u00e7lar\u0131n de\u011fi\u015fimi ile farkl\u0131 polimer t\u00fcrlerinin bu gruba eklenmesi ile geli\u015fmektedir. Poliolefin kullan\u0131m\u0131 yo\u011funlukta olsa da otomotiv, beyaz e\u015fya, kozmetik ve daha bir\u00e7ok farkl\u0131 sekt\u00f6rde m\u00fchendislik polimerleri de s\u0131kl\u0131kla kullan\u0131lmaktad\u0131r.<\/p>\n","protected":false},"featured_media":1493,"template":"","meta":{"_coblocks_attr":"","_coblocks_dimensions":"","_coblocks_responsive_height":"","_coblocks_accordion_ie_support":"","iawp_total_views":1},"product_brand":[],"product_cat":[33],"product_tag":[54],"class_list":{"0":"post-1519","1":"product","2":"type-product","3":"status-publish","4":"has-post-thumbnail","6":"product_cat-masterbatch","7":"product_tag-polimer","9":"first","10":"instock","11":"shipping-taxable","12":"product-type-simple"},"_links":{"self":[{"href":"https:\/\/ibernar.com\/tr\/wp-json\/wp\/v2\/product\/1519","targetHints":{"allow":["GET"]}}],"collection":[{"href":"https:\/\/ibernar.com\/tr\/wp-json\/wp\/v2\/product"}],"about":[{"href":"https:\/\/ibernar.com\/tr\/wp-json\/wp\/v2\/types\/product"}],"version-history":[{"count":0,"href":"https:\/\/ibernar.com\/tr\/wp-json\/wp\/v2\/product\/1519\/revisions"}],"wp:featuredmedia":[{"embeddable":true,"href":"https:\/\/ibernar.com\/tr\/wp-json\/wp\/v2\/media\/1493"}],"wp:attachment":[{"href":"https:\/\/ibernar.com\/tr\/wp-json\/wp\/v2\/media?parent=1519"}],"wp:term":[{"taxonomy":"product_brand","embeddable":true,"href":"https:\/\/ibernar.com\/tr\/wp-json\/wp\/v2\/product_brand?post=1519"},{"taxonomy":"product_cat","embeddable":true,"href":"https:\/\/ibernar.com\/tr\/wp-json\/wp\/v2\/product_cat?post=1519"},{"taxonomy":"product_tag","embeddable":true,"href":"https:\/\/ibernar.com\/tr\/wp-json\/wp\/v2\/product_tag?post=1519"}],"curies":[{"name":"wp","href":"https:\/\/api.w.org\/{rel}","templated":true}]}}