{"id":1522,"date":"2023-07-10T19:56:51","date_gmt":"2023-07-10T19:56:51","guid":{"rendered":"http:\/\/ibernar.com\/tr\/?post_type=product&#038;p=1522"},"modified":"2023-07-10T20:28:08","modified_gmt":"2023-07-10T20:28:08","slug":"katki-masterbatch","status":"publish","type":"product","link":"https:\/\/ibernar.com\/tr\/product\/katki-masterbatch\/","title":{"rendered":"Katk\u0131 Masterbatch"},"content":{"rendered":"","protected":false},"excerpt":{"rendered":"<p>Katk\u0131 Masterbatchleri, \u00fcretim a\u015famas\u0131nda prosesi iyile\u015ftirme ve\/veya son \u00fcr\u00fcne performans artt\u0131r\u0131c\u0131 \u00f6zellikler ekleme amac\u0131 ile kullan\u0131lmaktad\u0131r. Renksiz yap\u0131lar\u0131 sayesinde \u015feffaf \u00fcr\u00fcn \u00fcretimlerinde de s\u0131kl\u0131kla tercih edilmektedir. Distrib\u00fct\u00f6rl\u00fc\u011f\u00fcn\u00fc yapt\u0131\u011f\u0131m\u0131z \u00fcreticiler, \u00fcretimlerinde d\u00fcnyan\u0131n prestijli markalar\u0131n\u0131 kullanmaktad\u0131r.<\/p>\n<ul>\n<li>Antioksidan<\/li>\n<li>Antimikrobiyal<\/li>\n<li>Antiblok<\/li>\n<li>Antislip<\/li>\n<li>Esans<\/li>\n<li>I\u015f\u0131k Da\u011f\u0131t\u0131c\u0131<\/li>\n<li>Koku giderici<\/li>\n<li>Lazer Markalama<\/li>\n<li>Nem al\u0131c\u0131<\/li>\n<li>Ocak Temizleyici<\/li>\n<li>Optik Beyazlat\u0131c\u0131<\/li>\n<li>Proses \u0130yile\u015ftirici<\/li>\n<li>Slip<\/li>\n<li>\u015eeffafla\u015ft\u0131r\u0131c\u0131<\/li>\n<li>UV Stabiliz\u00f6r \/ Absorber<\/li>\n<\/ul>\n","protected":false},"featured_media":1523,"template":"","meta":{"_coblocks_attr":"","_coblocks_dimensions":"","_coblocks_responsive_height":"","_coblocks_accordion_ie_support":"","iawp_total_views":6},"product_brand":[],"product_cat":[33],"product_tag":[53],"class_list":{"0":"post-1522","1":"product","2":"type-product","3":"status-publish","4":"has-post-thumbnail","6":"product_cat-masterbatch","7":"product_tag-katki","9":"first","10":"instock","11":"shipping-taxable","12":"product-type-simple"},"_links":{"self":[{"href":"https:\/\/ibernar.com\/tr\/wp-json\/wp\/v2\/product\/1522","targetHints":{"allow":["GET"]}}],"collection":[{"href":"https:\/\/ibernar.com\/tr\/wp-json\/wp\/v2\/product"}],"about":[{"href":"https:\/\/ibernar.com\/tr\/wp-json\/wp\/v2\/types\/product"}],"version-history":[{"count":0,"href":"https:\/\/ibernar.com\/tr\/wp-json\/wp\/v2\/product\/1522\/revisions"}],"wp:featuredmedia":[{"embeddable":true,"href":"https:\/\/ibernar.com\/tr\/wp-json\/wp\/v2\/media\/1523"}],"wp:attachment":[{"href":"https:\/\/ibernar.com\/tr\/wp-json\/wp\/v2\/media?parent=1522"}],"wp:term":[{"taxonomy":"product_brand","embeddable":true,"href":"https:\/\/ibernar.com\/tr\/wp-json\/wp\/v2\/product_brand?post=1522"},{"taxonomy":"product_cat","embeddable":true,"href":"https:\/\/ibernar.com\/tr\/wp-json\/wp\/v2\/product_cat?post=1522"},{"taxonomy":"product_tag","embeddable":true,"href":"https:\/\/ibernar.com\/tr\/wp-json\/wp\/v2\/product_tag?post=1522"}],"curies":[{"name":"wp","href":"https:\/\/api.w.org\/{rel}","templated":true}]}}