{"id":1525,"date":"2023-07-10T20:00:40","date_gmt":"2023-07-10T20:00:40","guid":{"rendered":"http:\/\/ibernar.com\/tr\/?post_type=product&#038;p=1525"},"modified":"2023-07-10T20:42:20","modified_gmt":"2023-07-10T20:42:20","slug":"renkli-masterbatch","status":"publish","type":"product","link":"https:\/\/ibernar.com\/tr\/product\/renkli-masterbatch\/","title":{"rendered":"Renkli Masterbatch"},"content":{"rendered":"","protected":false},"excerpt":{"rendered":"<p>PE, PP, PS, PA, PC, ABS, SAN, PET, PC, PMMA, TPU, EVA, PLA ve ASA gibi farkl\u0131 hammaddelerde kullan\u0131labilir \u00fcr\u00fcnlerimiz mevcuttur. Bu grubun i\u00e7erisinde Mono Masterbatch, Efekt Masterbatch, Transparan Masterbatch, Yar\u0131 Transparan Masterbatch \u00fcr\u00fcnlerini tedarik ediyoruz. Bayili\u011fini yapt\u0131\u011f\u0131m\u0131z \u00fcreticilerin y\u00fcksek teknoloji ile \u00fcretilen ve standartlar\u0131 sapmayan y\u00fcksek dispersiyonlu \u00fcr\u00fcnlerini sizlerle bulu\u015fturuyoruz. Talep \u00fczerine renk katalog g\u00f6nderimi yap\u0131labilir, diledi\u011finiz RAL &amp; PANTONE kodlar\u0131na uygun \u00e7al\u0131\u015fmalar yap\u0131labilir ve firman\u0131z\u0131n \u00f6zel renk \u00e7al\u0131\u015fmalar\u0131 \u00fcr\u00fcn par\u00e7as\u0131ndan \u00e7al\u0131\u015f\u0131labilmektedir.<\/p>\n","protected":false},"featured_media":1526,"template":"","meta":{"_coblocks_attr":"","_coblocks_dimensions":"","_coblocks_responsive_height":"","_coblocks_accordion_ie_support":"","iawp_total_views":1},"product_brand":[],"product_cat":[33],"product_tag":[52],"class_list":{"0":"post-1525","1":"product","2":"type-product","3":"status-publish","4":"has-post-thumbnail","6":"product_cat-masterbatch","7":"product_tag-renkli","9":"first","10":"instock","11":"shipping-taxable","12":"product-type-simple"},"_links":{"self":[{"href":"https:\/\/ibernar.com\/tr\/wp-json\/wp\/v2\/product\/1525","targetHints":{"allow":["GET"]}}],"collection":[{"href":"https:\/\/ibernar.com\/tr\/wp-json\/wp\/v2\/product"}],"about":[{"href":"https:\/\/ibernar.com\/tr\/wp-json\/wp\/v2\/types\/product"}],"version-history":[{"count":0,"href":"https:\/\/ibernar.com\/tr\/wp-json\/wp\/v2\/product\/1525\/revisions"}],"wp:featuredmedia":[{"embeddable":true,"href":"https:\/\/ibernar.com\/tr\/wp-json\/wp\/v2\/media\/1526"}],"wp:attachment":[{"href":"https:\/\/ibernar.com\/tr\/wp-json\/wp\/v2\/media?parent=1525"}],"wp:term":[{"taxonomy":"product_brand","embeddable":true,"href":"https:\/\/ibernar.com\/tr\/wp-json\/wp\/v2\/product_brand?post=1525"},{"taxonomy":"product_cat","embeddable":true,"href":"https:\/\/ibernar.com\/tr\/wp-json\/wp\/v2\/product_cat?post=1525"},{"taxonomy":"product_tag","embeddable":true,"href":"https:\/\/ibernar.com\/tr\/wp-json\/wp\/v2\/product_tag?post=1525"}],"curies":[{"name":"wp","href":"https:\/\/api.w.org\/{rel}","templated":true}]}}