{"id":1528,"date":"2023-07-10T20:03:51","date_gmt":"2023-07-10T20:03:51","guid":{"rendered":"http:\/\/ibernar.com\/tr\/?post_type=product&#038;p=1528"},"modified":"2023-07-10T20:53:21","modified_gmt":"2023-07-10T20:53:21","slug":"siyah-masterbatch","status":"publish","type":"product","link":"https:\/\/ibernar.com\/tr\/product\/siyah-masterbatch\/","title":{"rendered":"Siyah Masterbatch"},"content":{"rendered":"","protected":false},"excerpt":{"rendered":"<p>Plastik sekt\u00f6r\u00fcn\u00fc domine eden renklerin ba\u015f\u0131nda gelen siyah masterbatchler, HAF, ISAF, P TYPE, JET BLACK, SRF gibi farkl\u0131 karbon tiplerinde %10\u2019 dan ba\u015flayan ve %50\u2019 ye kadar \u00e7\u0131kan farkl\u0131 karbon i\u00e7eriklerinde \u00fcretilmektedirler. Se\u00e7im yap\u0131l\u0131rken y\u00fcksek dispersiyonlu ve parlak olmas\u0131 tercih edilmektedir.<\/p>\n","protected":false},"featured_media":1529,"template":"","meta":{"_coblocks_attr":"","_coblocks_dimensions":"","_coblocks_responsive_height":"","_coblocks_accordion_ie_support":"","iawp_total_views":7},"product_brand":[],"product_cat":[33],"product_tag":[51],"class_list":{"0":"post-1528","1":"product","2":"type-product","3":"status-publish","4":"has-post-thumbnail","6":"product_cat-masterbatch","7":"product_tag-siyah","9":"first","10":"instock","11":"shipping-taxable","12":"product-type-simple"},"_links":{"self":[{"href":"https:\/\/ibernar.com\/tr\/wp-json\/wp\/v2\/product\/1528","targetHints":{"allow":["GET"]}}],"collection":[{"href":"https:\/\/ibernar.com\/tr\/wp-json\/wp\/v2\/product"}],"about":[{"href":"https:\/\/ibernar.com\/tr\/wp-json\/wp\/v2\/types\/product"}],"version-history":[{"count":0,"href":"https:\/\/ibernar.com\/tr\/wp-json\/wp\/v2\/product\/1528\/revisions"}],"wp:featuredmedia":[{"embeddable":true,"href":"https:\/\/ibernar.com\/tr\/wp-json\/wp\/v2\/media\/1529"}],"wp:attachment":[{"href":"https:\/\/ibernar.com\/tr\/wp-json\/wp\/v2\/media?parent=1528"}],"wp:term":[{"taxonomy":"product_brand","embeddable":true,"href":"https:\/\/ibernar.com\/tr\/wp-json\/wp\/v2\/product_brand?post=1528"},{"taxonomy":"product_cat","embeddable":true,"href":"https:\/\/ibernar.com\/tr\/wp-json\/wp\/v2\/product_cat?post=1528"},{"taxonomy":"product_tag","embeddable":true,"href":"https:\/\/ibernar.com\/tr\/wp-json\/wp\/v2\/product_tag?post=1528"}],"curies":[{"name":"wp","href":"https:\/\/api.w.org\/{rel}","templated":true}]}}