{"id":1531,"date":"2023-07-10T20:08:44","date_gmt":"2023-07-10T20:08:44","guid":{"rendered":"http:\/\/ibernar.com\/tr\/?post_type=product&#038;p=1531"},"modified":"2023-07-10T20:52:48","modified_gmt":"2023-07-10T20:52:48","slug":"beyaz-masterbatch","status":"publish","type":"product","link":"https:\/\/ibernar.com\/tr\/product\/beyaz-masterbatch\/","title":{"rendered":"Beyaz Masterbatch"},"content":{"rendered":"","protected":false},"excerpt":{"rendered":"<p>Plastik piyasas\u0131nda en \u00e7ok kullan\u0131lan renktir. Kloroid ve S\u00fclfat proseslerde \u00fcretilmektedir. \u00dcr\u00fcn gam\u0131m\u0131zda bulunan Rutil tipteki beyaz masterbatchler %15\u2019 ten ba\u015flayan ve %70\u2019 e kadar uzanan geni\u015f bir yelpazede \u00fcretilir. Bayili\u011fini yapt\u0131\u011f\u0131m\u0131z \u00fcreticiler, \u00fcretim a\u015famas\u0131nda d\u00fcnyan\u0131n \u00f6nde gelen Titanyum Dioksit markalar\u0131 tercih etmektedirler.<\/p>\n","protected":false},"featured_media":1532,"template":"","meta":{"_coblocks_attr":"","_coblocks_dimensions":"","_coblocks_responsive_height":"","_coblocks_accordion_ie_support":"","iawp_total_views":0},"product_brand":[],"product_cat":[33],"product_tag":[18],"class_list":{"0":"post-1531","1":"product","2":"type-product","3":"status-publish","4":"has-post-thumbnail","6":"product_cat-masterbatch","7":"product_tag-beyaz","9":"first","10":"instock","11":"shipping-taxable","12":"product-type-simple"},"_links":{"self":[{"href":"https:\/\/ibernar.com\/tr\/wp-json\/wp\/v2\/product\/1531","targetHints":{"allow":["GET"]}}],"collection":[{"href":"https:\/\/ibernar.com\/tr\/wp-json\/wp\/v2\/product"}],"about":[{"href":"https:\/\/ibernar.com\/tr\/wp-json\/wp\/v2\/types\/product"}],"version-history":[{"count":0,"href":"https:\/\/ibernar.com\/tr\/wp-json\/wp\/v2\/product\/1531\/revisions"}],"wp:featuredmedia":[{"embeddable":true,"href":"https:\/\/ibernar.com\/tr\/wp-json\/wp\/v2\/media\/1532"}],"wp:attachment":[{"href":"https:\/\/ibernar.com\/tr\/wp-json\/wp\/v2\/media?parent=1531"}],"wp:term":[{"taxonomy":"product_brand","embeddable":true,"href":"https:\/\/ibernar.com\/tr\/wp-json\/wp\/v2\/product_brand?post=1531"},{"taxonomy":"product_cat","embeddable":true,"href":"https:\/\/ibernar.com\/tr\/wp-json\/wp\/v2\/product_cat?post=1531"},{"taxonomy":"product_tag","embeddable":true,"href":"https:\/\/ibernar.com\/tr\/wp-json\/wp\/v2\/product_tag?post=1531"}],"curies":[{"name":"wp","href":"https:\/\/api.w.org\/{rel}","templated":true}]}}